{"id":49,"date":"2020-12-12T19:20:12","date_gmt":"2020-12-12T19:20:12","guid":{"rendered":"https:\/\/jasondaoust.com\/?page_id=49"},"modified":"2025-05-17T19:37:55","modified_gmt":"2025-05-17T19:37:55","slug":"resume","status":"publish","type":"page","link":"https:\/\/jasondaoust.com\/index.php\/resume\/","title":{"rendered":"Resume"},"content":{"rendered":"\n<p><\/p>\n\n\n\n<h3>Education<\/h3>\n\n\n\n<ul>\n<li>Osteopathic Medicine, Ohio University Heritage College (2024-2027)<\/li>\n\n\n\n<li>Pre-Medical Program, Cleveland State University (2020-2024)<\/li>\n\n\n\n<li>Theory &amp; Criticism, University of Western Ontario (<strong><a href=\"https:\/\/ir.lib.uwo.ca\/etd\/1857\/\" target=\"_blank\" rel=\"noreferrer noopener\">Ph.D.<\/a><\/strong>, 2014)<\/li>\n\n\n\n<li>Comparative Literature and English, Universit\u00e9 de Montr\u00e9al (<a href=\"https:\/\/papyrus.bib.umontreal.ca\/xmlui\/handle\/1866\/7919\" target=\"_blank\" rel=\"noreferrer noopener\"><strong>M.A<\/strong><\/a>., 2009; B.A., 2006)<\/li>\n\n\n\n<li>Vocal Performance, Conservatoire de Musique du Qu\u00e9bec \u00e0 Montr\u00e9al (1996-2002)<\/li>\n<\/ul>\n\n\n\n<h3>Professional Experience<\/h3>\n\n\n\n<ul>\n<li>Affiliate Scholar and Visiting Assistant Professor, Comparative Literature (2017-2018)<br>Oberlin College, Ohio, United States <\/li>\n\n\n\n<li>Administrator, The Opera Cares Foundation (2016-2017)<br>Montreal, Canada &nbsp;&nbsp;&nbsp;&nbsp; <\/li>\n\n\n\n<li>Guest Researcher, Comparative Literature (2014-2016)<br>Utrecht University, The Netherlands<\/li>\n<\/ul>\n\n\n\n<h3>Volunteer Work<\/h3>\n\n\n\n<ul>\n<li>Lorain County Free Clinic (2023)<\/li>\n\n\n\n<li>Stephen Minister, First Lutheran Church, Lorain (2022)<\/li>\n\n\n\n<li>MetroHealth System, Institute for H.O.P.E., Cleveland Area (2021-2022)<\/li>\n\n\n\n<li>Administrator, <a href=\"http:\/\/www.poiesis.ca\" target=\"_blank\" rel=\"noreferrer noopener\">Ensemble Poiesis<\/a>, Montreal, Canada (2017-2023)<\/li>\n<\/ul>\n\n\n\n<h3>Selected Publications<\/h3>\n\n\n\n<ul>\n<li>D&#8217;Aoust JR, Thorpe E, Alkhalifa S, O&#8217;Connor A. <a href=\"https:\/\/jasondaoust.com\/wp-content\/uploads\/2025\/05\/202504-RA-DAoust-Rotenone-Soy-Milk.pdf\" target=\"_blank\" rel=\"noreferrer noopener\">Determination of rotenone in soy milk<\/a>. J Young Investig, 2025.<\/li>\n\n\n\n<li>\u201c<a href=\"https:\/\/www.oxfordhandbooks.com\/view\/10.1093\/oxfordhb\/9780190460242.001.0001\/oxfordhb-9780190460242\" target=\"_blank\" rel=\"noreferrer noopener\">Posthumanist Voices in Literature and Opera<\/a>.\u201d <em>The Oxford Handbook of Sound and Imagination<\/em>. New York: Oxford University Press. 2019.<\/li>\n\n\n\n<li><a href=\"https:\/\/journals.openedition.org\/ejas\/11755\" target=\"_blank\" rel=\"noreferrer noopener\">\u201cQueer Voices in Mommy by Xavier Dolan<\/a>.\u201d The European Journal of American Studies, Special Issue: \u201cRe-Queering the Nation: America\u2019s Queer Crisis.\u201d 11.3. 2017.<\/li>\n\n\n\n<li>\u201c<a href=\"https:\/\/doi.org\/10.1080\/01411896.2016.1271239\" target=\"_blank\" rel=\"noreferrer noopener\">The <em>Lied d\u2019Ossian<\/em> in Massenet\u2019s <em>Werther<\/em>.<\/a>\u201d <em>Journal of Musicological Research<\/em> 36.1. 2017.<\/li>\n\n\n\n<li>\u201c<a href=\"https:\/\/doi.org\/10.3402\/jac.v7.28238\" target=\"_blank\" rel=\"noreferrer noopener\">Digital Scenography and the Mimetic Aporia of Richard Wagner\u2019s <em>Ring Cycle<\/em><\/a>.\u201d <em>Journal of Aesthetics and Culture<\/em> &nbsp;1.7. 2015.<\/li>\n<\/ul>\n\n\n\n<h3>Selected Public Speaking Engagements<\/h3>\n\n\n\n<ul>\n<li>Conference paper. \u201cVoice and Musical Origins: A Posthumanist Reading of Rousseau.\u201d ACLA Annual Meeting, Georgetown University. 2019.<\/li>\n\n\n\n<li>Guest lecture. \u201cInvoking the Gods and Nature: Gestures of Address in Opera.\u201d Comparative Literature &amp; Musicology, Cornell University. 2017.<\/li>\n\n\n\n<li>Conference paper. \u201cRecasting Luba Luft and Posthumanist Vocality,\u201d ACLA Annual Meeting, Harvard University. 2016.<\/li>\n<\/ul>\n\n\n\n<h3>Languages<\/h3>\n\n\n\n<ul>\n<li>English (native fluency)<\/li>\n\n\n\n<li>French (native fluency)<\/li>\n<\/ul>\n\n\n\n<hr class=\"wp-block-separator has-css-opacity\"\/>\n\n\n\n<p><\/p>\n\n\n\n<h3 style=\"font-size:26px\">Curriculum Vitae<\/h3>\n\n\n\n<div class=\"wp-block-file\"><object class=\"wp-block-file__embed\" data=\"https:\/\/jasondaoust.com\/wp-content\/uploads\/2025\/05\/CV-Daoust-2025.pdf\" type=\"application\/pdf\" style=\"width:100%;height:600px\" aria-label=\"Embed of CV Daoust 2025.\"><\/object><a id=\"wp-block-file--media-926a24dd-f3f6-4f2a-a48f-de504b0f9580\" href=\"https:\/\/jasondaoust.com\/wp-content\/uploads\/2025\/05\/CV-Daoust-2025.pdf\" target=\"_blank\" rel=\"noreferrer noopener\">CV Daoust 2025<\/a><a href=\"https:\/\/jasondaoust.com\/wp-content\/uploads\/2025\/05\/CV-Daoust-2025.pdf\" class=\"wp-block-file__button wp-element-button\" download aria-describedby=\"wp-block-file--media-926a24dd-f3f6-4f2a-a48f-de504b0f9580\">Download<\/a><\/div>\n","protected":false},"excerpt":{"rendered":"<p>Education Professional Experience Volunteer Work Selected Publications Selected Public Speaking Engagements Languages Curriculum Vitae<\/p>\n","protected":false},"author":1,"featured_media":0,"parent":0,"menu_order":0,"comment_status":"closed","ping_status":"closed","template":"","meta":{"_monsterinsights_skip_tracking":false,"_monsterinsights_sitenote_active":false,"_monsterinsights_sitenote_note":"","_monsterinsights_sitenote_category":0},"yoast_head":"<!-- This site is optimized with the Yoast SEO plugin v21.1 - https:\/\/yoast.com\/wordpress\/plugins\/seo\/ -->\n<title>Resume - Jason D&#039;Aoust<\/title>\n<meta name=\"description\" content=\"Resume and PDF files of Jason D&#039;Aoust&#039;s resume and CV.\" \/>\n<meta name=\"robots\" content=\"index, follow, max-snippet:-1, max-image-preview:large, max-video-preview:-1\" \/>\n<link rel=\"canonical\" href=\"https:\/\/jasondaoust.com\/index.php\/resume\/\" \/>\n<meta property=\"og:locale\" content=\"en_US\" \/>\n<meta property=\"og:type\" content=\"article\" \/>\n<meta property=\"og:title\" content=\"Resume - Jason D&#039;Aoust\" \/>\n<meta property=\"og:description\" content=\"Resume and PDF files of Jason D&#039;Aoust&#039;s resume and CV.\" \/>\n<meta property=\"og:url\" content=\"https:\/\/jasondaoust.com\/index.php\/resume\/\" \/>\n<meta property=\"og:site_name\" content=\"Jason D&#039;Aoust\" \/>\n<meta property=\"article:modified_time\" content=\"2025-05-17T19:37:55+00:00\" \/>\n<meta name=\"twitter:card\" content=\"summary_large_image\" \/>\n<meta name=\"twitter:label1\" content=\"Est. reading time\" \/>\n\t<meta name=\"twitter:data1\" content=\"2 minutes\" \/>\n<script type=\"application\/ld+json\" class=\"yoast-schema-graph\">{\"@context\":\"https:\/\/schema.org\",\"@graph\":[{\"@type\":\"WebPage\",\"@id\":\"https:\/\/jasondaoust.com\/index.php\/resume\/\",\"url\":\"https:\/\/jasondaoust.com\/index.php\/resume\/\",\"name\":\"Resume - Jason D&#039;Aoust\",\"isPartOf\":{\"@id\":\"https:\/\/jasondaoust.com\/#website\"},\"datePublished\":\"2020-12-12T19:20:12+00:00\",\"dateModified\":\"2025-05-17T19:37:55+00:00\",\"description\":\"Resume and PDF files of Jason D'Aoust's resume and CV.\",\"breadcrumb\":{\"@id\":\"https:\/\/jasondaoust.com\/index.php\/resume\/#breadcrumb\"},\"inLanguage\":\"en-US\",\"potentialAction\":[{\"@type\":\"ReadAction\",\"target\":[\"https:\/\/jasondaoust.com\/index.php\/resume\/\"]}]},{\"@type\":\"BreadcrumbList\",\"@id\":\"https:\/\/jasondaoust.com\/index.php\/resume\/#breadcrumb\",\"itemListElement\":[{\"@type\":\"ListItem\",\"position\":1,\"name\":\"Home\",\"item\":\"https:\/\/jasondaoust.com\/\"},{\"@type\":\"ListItem\",\"position\":2,\"name\":\"Resume\"}]},{\"@type\":\"WebSite\",\"@id\":\"https:\/\/jasondaoust.com\/#website\",\"url\":\"https:\/\/jasondaoust.com\/\",\"name\":\"Jason D&#039;Aoust\",\"description\":\"\",\"publisher\":{\"@id\":\"https:\/\/jasondaoust.com\/#\/schema\/person\/8cbc553f1cb5a703d9eebc65860dd9bd\"},\"potentialAction\":[{\"@type\":\"SearchAction\",\"target\":{\"@type\":\"EntryPoint\",\"urlTemplate\":\"https:\/\/jasondaoust.com\/?s={search_term_string}\"},\"query-input\":\"required name=search_term_string\"}],\"inLanguage\":\"en-US\"},{\"@type\":[\"Person\",\"Organization\"],\"@id\":\"https:\/\/jasondaoust.com\/#\/schema\/person\/8cbc553f1cb5a703d9eebc65860dd9bd\",\"name\":\"jrdaoust3\",\"image\":{\"@type\":\"ImageObject\",\"inLanguage\":\"en-US\",\"@id\":\"https:\/\/jasondaoust.com\/#\/schema\/person\/image\/\",\"url\":\"https:\/\/i2.wp.com\/jasondaoust.com\/wp-content\/uploads\/2020\/12\/JasonDAoust-017-scaled.jpg?fit=2560%2C1707\",\"contentUrl\":\"https:\/\/i2.wp.com\/jasondaoust.com\/wp-content\/uploads\/2020\/12\/JasonDAoust-017-scaled.jpg?fit=2560%2C1707\",\"width\":2560,\"height\":1707,\"caption\":\"jrdaoust3\"},\"logo\":{\"@id\":\"https:\/\/jasondaoust.com\/#\/schema\/person\/image\/\"},\"sameAs\":[\"https:\/\/jasondaoust.com\",\"https:\/\/www.linkedin.com\/in\/jason-r-daoust\/\",\"https:\/\/www.youtube.com\/channel\/UCfodB17CZIcratDIq46ttrA\/playlists\"]}]}<\/script>\n<!-- \/ Yoast SEO plugin. -->","yoast_head_json":{"title":"Resume - Jason D&#039;Aoust","description":"Resume and PDF files of Jason D'Aoust's resume and CV.","robots":{"index":"index","follow":"follow","max-snippet":"max-snippet:-1","max-image-preview":"max-image-preview:large","max-video-preview":"max-video-preview:-1"},"canonical":"https:\/\/jasondaoust.com\/index.php\/resume\/","og_locale":"en_US","og_type":"article","og_title":"Resume - Jason D&#039;Aoust","og_description":"Resume and PDF files of Jason D'Aoust's resume and CV.","og_url":"https:\/\/jasondaoust.com\/index.php\/resume\/","og_site_name":"Jason D&#039;Aoust","article_modified_time":"2025-05-17T19:37:55+00:00","twitter_card":"summary_large_image","twitter_misc":{"Est. reading time":"2 minutes"},"schema":{"@context":"https:\/\/schema.org","@graph":[{"@type":"WebPage","@id":"https:\/\/jasondaoust.com\/index.php\/resume\/","url":"https:\/\/jasondaoust.com\/index.php\/resume\/","name":"Resume - Jason D&#039;Aoust","isPartOf":{"@id":"https:\/\/jasondaoust.com\/#website"},"datePublished":"2020-12-12T19:20:12+00:00","dateModified":"2025-05-17T19:37:55+00:00","description":"Resume and PDF files of Jason D'Aoust's resume and CV.","breadcrumb":{"@id":"https:\/\/jasondaoust.com\/index.php\/resume\/#breadcrumb"},"inLanguage":"en-US","potentialAction":[{"@type":"ReadAction","target":["https:\/\/jasondaoust.com\/index.php\/resume\/"]}]},{"@type":"BreadcrumbList","@id":"https:\/\/jasondaoust.com\/index.php\/resume\/#breadcrumb","itemListElement":[{"@type":"ListItem","position":1,"name":"Home","item":"https:\/\/jasondaoust.com\/"},{"@type":"ListItem","position":2,"name":"Resume"}]},{"@type":"WebSite","@id":"https:\/\/jasondaoust.com\/#website","url":"https:\/\/jasondaoust.com\/","name":"Jason D&#039;Aoust","description":"","publisher":{"@id":"https:\/\/jasondaoust.com\/#\/schema\/person\/8cbc553f1cb5a703d9eebc65860dd9bd"},"potentialAction":[{"@type":"SearchAction","target":{"@type":"EntryPoint","urlTemplate":"https:\/\/jasondaoust.com\/?s={search_term_string}"},"query-input":"required name=search_term_string"}],"inLanguage":"en-US"},{"@type":["Person","Organization"],"@id":"https:\/\/jasondaoust.com\/#\/schema\/person\/8cbc553f1cb5a703d9eebc65860dd9bd","name":"jrdaoust3","image":{"@type":"ImageObject","inLanguage":"en-US","@id":"https:\/\/jasondaoust.com\/#\/schema\/person\/image\/","url":"https:\/\/i2.wp.com\/jasondaoust.com\/wp-content\/uploads\/2020\/12\/JasonDAoust-017-scaled.jpg?fit=2560%2C1707","contentUrl":"https:\/\/i2.wp.com\/jasondaoust.com\/wp-content\/uploads\/2020\/12\/JasonDAoust-017-scaled.jpg?fit=2560%2C1707","width":2560,"height":1707,"caption":"jrdaoust3"},"logo":{"@id":"https:\/\/jasondaoust.com\/#\/schema\/person\/image\/"},"sameAs":["https:\/\/jasondaoust.com","https:\/\/www.linkedin.com\/in\/jason-r-daoust\/","https:\/\/www.youtube.com\/channel\/UCfodB17CZIcratDIq46ttrA\/playlists"]}]}},"_links":{"self":[{"href":"https:\/\/jasondaoust.com\/index.php\/wp-json\/wp\/v2\/pages\/49"}],"collection":[{"href":"https:\/\/jasondaoust.com\/index.php\/wp-json\/wp\/v2\/pages"}],"about":[{"href":"https:\/\/jasondaoust.com\/index.php\/wp-json\/wp\/v2\/types\/page"}],"author":[{"embeddable":true,"href":"https:\/\/jasondaoust.com\/index.php\/wp-json\/wp\/v2\/users\/1"}],"replies":[{"embeddable":true,"href":"https:\/\/jasondaoust.com\/index.php\/wp-json\/wp\/v2\/comments?post=49"}],"version-history":[{"count":7,"href":"https:\/\/jasondaoust.com\/index.php\/wp-json\/wp\/v2\/pages\/49\/revisions"}],"predecessor-version":[{"id":741,"href":"https:\/\/jasondaoust.com\/index.php\/wp-json\/wp\/v2\/pages\/49\/revisions\/741"}],"wp:attachment":[{"href":"https:\/\/jasondaoust.com\/index.php\/wp-json\/wp\/v2\/media?parent=49"}],"curies":[{"name":"wp","href":"https:\/\/api.w.org\/{rel}","templated":true}]}}